{"id":5304,"date":"2017-09-24T03:24:18","date_gmt":"2017-09-24T03:24:18","guid":{"rendered":"http:\/\/heidysandovalruiz.com\/?page_id=5304"},"modified":"2017-09-24T03:44:36","modified_gmt":"2017-09-24T03:44:36","slug":"homenaje-a-jose-ernesto-monzon","status":"publish","type":"page","link":"https:\/\/heidysandovalruiz.com\/?page_id=5304","title":{"rendered":"Homenaje a \u00abJos\u00e9 Ernesto Monz\u00f3n\u00bb"},"content":{"rendered":"<p style=\"text-align: justify;\">La \u00ab<strong>XXIV Gala de la Canci\u00f3n Guatemalteca\u00bb<\/strong>, fue dedicada al maestro Jos\u00e9 Ernesto Monz\u00f3n \u00abEl Cantor del Paisaje\u00bb, por tal motivo los artistas invitados tuvieron el detalle de interpretar una de sus canciones. \u00a0Comparto con ustedes este reconocimiento que adem\u00e1s, de los videos ac\u00e1 compartidos adjunto tambi\u00e9n la enrevista que fue publicada en la Revista No. 127 de la Asociaci\u00f3n de Periodistas de Guatemala\u00bb.<\/p>\n<p style=\"text-align: justify;\">Escuchando sus canciones es as\u00ed como se recuerda al \u00abCantor del Paisaje\u00bb en el a\u00f1o del centenario de su nacimiento. \u00a0De igual manera debo recordar que el 24 de septiembre de 2003 dej\u00f3 de existir. \u00a0Han pasado 14 a\u00f1os de su partida pero sigue vivo en nuestros corazones, en su m\u00fasica.<\/p>\n<p style=\"text-align: justify;\">Dedicado con especial cari\u00f1o a <strong>Magaly de Monz\u00f3n, Yadira Monz\u00f3n y Brenda Monz\u00f3n<\/strong>.<\/p>\n<p style=\"text-align: justify;\">Agradecimiento especial al se\u00f1or Gobernador de Guatemala, Lic. Iv\u00e1n D\u00edaz L\u00f3pez, personal de esa instituci\u00f3n, artistas, presentadores y amigos personales que hicieron posible la edici\u00f3n No.24 de esta actividad.<\/p>\n<p style=\"text-align: justify;\"><strong>Carlos Emilio particip\u00f3 con \u00a0\u00abHuehuetenango\u00bb<\/strong><\/p>\n<p><iframe loading=\"lazy\" src=\"https:\/\/www.youtube.com\/embed\/CQ6_SRk4F1s\" width=\"560\" height=\"315\" frameborder=\"0\" allowfullscreen=\"allowfullscreen\"><\/iframe><\/p>\n<p><strong>El Grupo Caballo Loco particip\u00f3 \u00a0con \u00abAh puchis que de asombrero\u00bb<\/strong><\/p>\n<p><iframe loading=\"lazy\" src=\"https:\/\/www.youtube.com\/embed\/IXM0NQ6R7Mk\" width=\"560\" height=\"315\" frameborder=\"0\" allowfullscreen=\"allowfullscreen\"><\/iframe><\/p>\n<p><strong>Carlos Cu\u00e9llar particip\u00f3 con \u00abLa Sanjuanerita\u00bb\u00a0<\/strong><\/p>\n<p><iframe loading=\"lazy\" src=\"https:\/\/www.youtube.com\/embed\/IejVoUsMIJg\" width=\"560\" height=\"315\" frameborder=\"0\" allowfullscreen=\"allowfullscreen\"><\/iframe><\/p>\n<p style=\"text-align: justify;\"><strong>Herman May particip\u00f3 con \u00abMilagroso Se\u00f1or de Esquipulas\u00bb<\/strong><\/p>\n<p><iframe loading=\"lazy\" src=\"https:\/\/www.youtube.com\/embed\/mmrUYvSJreY\" width=\"560\" height=\"315\" frameborder=\"0\" allowfullscreen=\"allowfullscreen\"><\/iframe><\/p>\n<p style=\"text-align: justify;\"><strong>El Tr\u00edo Los Nobles particip\u00f3 \u00abLas ma\u00f1anitas guatemaltecas\u00bb<\/strong><\/p>\n<p><iframe loading=\"lazy\" src=\"https:\/\/www.youtube.com\/embed\/9Tvt45uyDAw\" width=\"560\" height=\"315\" frameborder=\"0\" allowfullscreen=\"allowfullscreen\"><\/iframe><\/p>\n<p style=\"text-align: justify;\"><strong>Marimba Chapinlandia particip\u00f3 con \u00abCanto a mi Guatemala\u00bb<\/strong><\/p>\n<p><iframe loading=\"lazy\" src=\"https:\/\/www.youtube.com\/embed\/LAa-MDHArtI\" width=\"560\" height=\"315\" frameborder=\"0\" allowfullscreen=\"allowfullscreen\"><\/iframe><\/p>\n<p style=\"text-align: justify;\"><strong>Wedding Musique particip\u00f3 con \u00abSoy de Zacapa\u00bb.<\/strong><\/p>\n<p><iframe loading=\"lazy\" src=\"https:\/\/www.youtube.com\/embed\/Z5n5AxacgHA\" width=\"560\" height=\"315\" frameborder=\"0\" allowfullscreen=\"allowfullscreen\"><\/iframe><\/p>\n<div class=\"\" data-block=\"true\" data-editor=\"abid7\" data-offset-key=\"f1l6a-0-0\"><\/div>\n","protected":false},"excerpt":{"rendered":"<div class=\"mh-excerpt\"><p>La \u00abXXIV Gala de la Canci\u00f3n Guatemalteca\u00bb, fue dedicada al maestro Jos\u00e9 Ernesto Monz\u00f3n \u00abEl Cantor del Paisaje\u00bb, por tal motivo los artistas invitados tuvieron <a class=\"mh-excerpt-more\" href=\"https:\/\/heidysandovalruiz.com\/?page_id=5304\" title=\"Homenaje a \u00abJos\u00e9 Ernesto Monz\u00f3n\u00bb\">[&#8230;]<\/a><\/p>\n<\/div>","protected":false},"author":4,"featured_media":5305,"parent":0,"menu_order":0,"comment_status":"closed","ping_status":"closed","template":"","meta":{"footnotes":""},"class_list":["post-5304","page","type-page","status-publish","has-post-thumbnail","hentry"],"_links":{"self":[{"href":"https:\/\/heidysandovalruiz.com\/index.php?rest_route=\/wp\/v2\/pages\/5304","targetHints":{"allow":["GET"]}}],"collection":[{"href":"https:\/\/heidysandovalruiz.com\/index.php?rest_route=\/wp\/v2\/pages"}],"about":[{"href":"https:\/\/heidysandovalruiz.com\/index.php?rest_route=\/wp\/v2\/types\/page"}],"author":[{"embeddable":true,"href":"https:\/\/heidysandovalruiz.com\/index.php?rest_route=\/wp\/v2\/users\/4"}],"replies":[{"embeddable":true,"href":"https:\/\/heidysandovalruiz.com\/index.php?rest_route=%2Fwp%2Fv2%2Fcomments&post=5304"}],"version-history":[{"count":11,"href":"https:\/\/heidysandovalruiz.com\/index.php?rest_route=\/wp\/v2\/pages\/5304\/revisions"}],"predecessor-version":[{"id":5322,"href":"https:\/\/heidysandovalruiz.com\/index.php?rest_route=\/wp\/v2\/pages\/5304\/revisions\/5322"}],"wp:featuredmedia":[{"embeddable":true,"href":"https:\/\/heidysandovalruiz.com\/index.php?rest_route=\/wp\/v2\/media\/5305"}],"wp:attachment":[{"href":"https:\/\/heidysandovalruiz.com\/index.php?rest_route=%2Fwp%2Fv2%2Fmedia&parent=5304"}],"curies":[{"name":"wp","href":"https:\/\/api.w.org\/{rel}","templated":true}]}}